{"id":143,"date":"2021-02-14T18:59:29","date_gmt":"2021-02-14T18:59:29","guid":{"rendered":"https:\/\/saude.pinlionweb.com\/saude07\/?page_id=143"},"modified":"2021-02-14T19:02:06","modified_gmt":"2021-02-14T19:02:06","slug":"galeria-de-imagens","status":"publish","type":"page","link":"https:\/\/saude.pinlionweb.com\/saude07\/galeria-de-imagens\/","title":{"rendered":"Galeria de Imagens"},"content":{"rendered":"\t\t<div data-elementor-type=\"wp-page\" data-elementor-id=\"143\" class=\"elementor elementor-143\" data-elementor-settings=\"[]\">\n\t\t\t\t\t\t<div class=\"elementor-inner\">\n\t\t\t\t\t\t\t<div class=\"elementor-section-wrap\">\n\t\t\t\t\t\t\t<section class=\"elementor-section elementor-top-section elementor-element elementor-element-660bb812 elementor-section-boxed elementor-section-height-default elementor-section-height-default\" data-id=\"660bb812\" data-element_type=\"section\" data-settings=\"{&quot;background_background&quot;:&quot;classic&quot;}\">\n\t\t\t\t\t\t\t<div class=\"elementor-background-overlay\"><\/div>\n\t\t\t\t\t\t\t<div class=\"elementor-container elementor-column-gap-default\">\n\t\t\t\t\t\t\t<div class=\"elementor-row\">\n\t\t\t\t\t<div class=\"elementor-column elementor-col-100 elementor-top-column elementor-element elementor-element-7bea143e\" data-id=\"7bea143e\" data-element_type=\"column\">\n\t\t\t<div class=\"elementor-column-wrap elementor-element-populated\">\n\t\t\t\t\t\t\t<div class=\"elementor-widget-wrap\">\n\t\t\t\t\t\t<div class=\"elementor-element elementor-element-43f42eff elementor-widget elementor-widget-heading\" data-id=\"43f42eff\" data-element_type=\"widget\" data-widget_type=\"heading.default\">\n\t\t\t\t<div class=\"elementor-widget-container\">\n\t\t\t<h2 class=\"elementor-heading-title elementor-size-default\">galeria de imagens<\/h2>\t\t<\/div>\n\t\t\t\t<\/div>\n\t\t\t\t<div class=\"elementor-element elementor-element-381cde0a elementor-widget elementor-widget-heading\" data-id=\"381cde0a\" data-element_type=\"widget\" data-widget_type=\"heading.default\">\n\t\t\t\t<div class=\"elementor-widget-container\">\n\t\t\t<h6 class=\"elementor-heading-title elementor-size-default\">centro m\u00e9dico<\/h6>\t\t<\/div>\n\t\t\t\t<\/div>\n\t\t\t\t\t\t<\/div>\n\t\t\t\t\t<\/div>\n\t\t<\/div>\n\t\t\t\t\t\t\t\t<\/div>\n\t\t\t\t\t<\/div>\n\t\t<\/section>\n\t\t\t\t<section class=\"elementor-section elementor-top-section elementor-element elementor-element-30c6e226 elementor-section-boxed elementor-section-height-default elementor-section-height-default\" data-id=\"30c6e226\" data-element_type=\"section\">\n\t\t\t\t\t\t<div class=\"elementor-container elementor-column-gap-default\">\n\t\t\t\t\t\t\t<div class=\"elementor-row\">\n\t\t\t\t\t<div class=\"elementor-column elementor-col-100 elementor-top-column elementor-element elementor-element-5295128a\" data-id=\"5295128a\" data-element_type=\"column\">\n\t\t\t<div class=\"elementor-column-wrap elementor-element-populated\">\n\t\t\t\t\t\t\t<div class=\"elementor-widget-wrap\">\n\t\t\t\t\t\t<div class=\"elementor-element elementor-element-622b6c69 elementor-widget elementor-widget-heading\" data-id=\"622b6c69\" data-element_type=\"widget\" data-widget_type=\"heading.default\">\n\t\t\t\t<div class=\"elementor-widget-container\">\n\t\t\t<h6 class=\"elementor-heading-title elementor-size-default\">veja o que fazemos<\/h6>\t\t<\/div>\n\t\t\t\t<\/div>\n\t\t\t\t<div class=\"elementor-element elementor-element-f44009a elementor-widget elementor-widget-heading\" data-id=\"f44009a\" data-element_type=\"widget\" data-widget_type=\"heading.default\">\n\t\t\t\t<div class=\"elementor-widget-container\">\n\t\t\t<h3 class=\"elementor-heading-title elementor-size-default\">centro m\u00e9dico<\/h3>\t\t<\/div>\n\t\t\t\t<\/div>\n\t\t\t\t<div class=\"elementor-element elementor-element-4e458106 elementor-widget elementor-widget-spacer\" data-id=\"4e458106\" data-element_type=\"widget\" data-widget_type=\"spacer.default\">\n\t\t\t\t<div class=\"elementor-widget-container\">\n\t\t\t\t\t<div class=\"elementor-spacer\">\n\t\t\t<div class=\"elementor-spacer-inner\"><\/div>\n\t\t<\/div>\n\t\t\t\t<\/div>\n\t\t\t\t<\/div>\n\t\t\t\t<div class=\"elementor-element elementor-element-3f38b5d gallery-spacing-custom elementor-widget elementor-widget-image-gallery\" data-id=\"3f38b5d\" data-element_type=\"widget\" data-widget_type=\"image-gallery.default\">\n\t\t\t\t<div class=\"elementor-widget-container\">\n\t\t\t\t\t<div class=\"elementor-image-gallery\">\n\t\t\t<div id='gallery-1' class='gallery galleryid-143 gallery-columns-2 gallery-size-full'><figure class='gallery-item'>\n\t\t\t<div class='gallery-icon landscape'>\n\t\t\t\t<a data-elementor-open-lightbox=\"yes\" data-elementor-lightbox-slideshow=\"3f38b5d\" data-elementor-lightbox-title=\"emergency-situation-in-the-hospital-JN3VH4X.jpg\" href='https:\/\/saude.pinlionweb.com\/saude07\/wp-content\/uploads\/sites\/8\/2021\/02\/emergency-situation-in-the-hospital-JN3VH4X.jpg'><img width=\"1024\" height=\"732\" src=\"https:\/\/saude.pinlionweb.com\/saude07\/wp-content\/uploads\/sites\/8\/2021\/02\/emergency-situation-in-the-hospital-JN3VH4X.jpg\" class=\"attachment-full size-full\" alt=\"\" loading=\"lazy\" srcset=\"https:\/\/saude.pinlionweb.com\/saude07\/wp-content\/uploads\/sites\/8\/2021\/02\/emergency-situation-in-the-hospital-JN3VH4X.jpg 1024w, https:\/\/saude.pinlionweb.com\/saude07\/wp-content\/uploads\/sites\/8\/2021\/02\/emergency-situation-in-the-hospital-JN3VH4X-300x214.jpg 300w, https:\/\/saude.pinlionweb.com\/saude07\/wp-content\/uploads\/sites\/8\/2021\/02\/emergency-situation-in-the-hospital-JN3VH4X-768x549.jpg 768w\" sizes=\"(max-width: 1024px) 100vw, 1024px\" \/><\/a>\n\t\t\t<\/div><\/figure><figure class='gallery-item'>\n\t\t\t<div class='gallery-icon landscape'>\n\t\t\t\t<a data-elementor-open-lightbox=\"yes\" data-elementor-lightbox-slideshow=\"3f38b5d\" data-elementor-lightbox-title=\"pediatrician-talking-to-child-in-hospital-PWBCRCE.jpg\" href='https:\/\/saude.pinlionweb.com\/saude07\/wp-content\/uploads\/sites\/8\/2021\/02\/pediatrician-talking-to-child-in-hospital-PWBCRCE.jpg'><img width=\"1024\" height=\"731\" src=\"https:\/\/saude.pinlionweb.com\/saude07\/wp-content\/uploads\/sites\/8\/2021\/02\/pediatrician-talking-to-child-in-hospital-PWBCRCE.jpg\" class=\"attachment-full size-full\" alt=\"\" loading=\"lazy\" srcset=\"https:\/\/saude.pinlionweb.com\/saude07\/wp-content\/uploads\/sites\/8\/2021\/02\/pediatrician-talking-to-child-in-hospital-PWBCRCE.jpg 1024w, https:\/\/saude.pinlionweb.com\/saude07\/wp-content\/uploads\/sites\/8\/2021\/02\/pediatrician-talking-to-child-in-hospital-PWBCRCE-300x214.jpg 300w, https:\/\/saude.pinlionweb.com\/saude07\/wp-content\/uploads\/sites\/8\/2021\/02\/pediatrician-talking-to-child-in-hospital-PWBCRCE-768x548.jpg 768w\" sizes=\"(max-width: 1024px) 100vw, 1024px\" \/><\/a>\n\t\t\t<\/div><\/figure>\n\t\t<\/div>\n\t\t<\/div>\n\t\t\t\t<\/div>\n\t\t\t\t<\/div>\n\t\t\t\t<div class=\"elementor-element elementor-element-75b3e9c4 elementor-arrows-position-inside elementor-pagination-position-outside elementor-widget elementor-widget-image-carousel\" data-id=\"75b3e9c4\" data-element_type=\"widget\" data-settings=\"{&quot;slides_to_show&quot;:&quot;3&quot;,&quot;slides_to_show_tablet&quot;:&quot;3&quot;,&quot;navigation&quot;:&quot;both&quot;,&quot;autoplay&quot;:&quot;yes&quot;,&quot;pause_on_hover&quot;:&quot;yes&quot;,&quot;pause_on_interaction&quot;:&quot;yes&quot;,&quot;autoplay_speed&quot;:5000,&quot;infinite&quot;:&quot;yes&quot;,&quot;speed&quot;:500,&quot;image_spacing_custom&quot;:{&quot;unit&quot;:&quot;px&quot;,&quot;size&quot;:20,&quot;sizes&quot;:[]}}\" data-widget_type=\"image-carousel.default\">\n\t\t\t\t<div class=\"elementor-widget-container\">\n\t\t\t\t\t<div class=\"elementor-image-carousel-wrapper swiper-container\" dir=\"ltr\">\n\t\t\t<div class=\"elementor-image-carousel swiper-wrapper\">\n\t\t\t\t\t\t\t\t<div class=\"swiper-slide\"><a data-elementor-open-lightbox=\"yes\" data-elementor-lightbox-slideshow=\"75b3e9c4\" data-elementor-lightbox-title=\"beautiful-mother-and-baby-on-medical-examination-w-GQYH5K4.jpg\" href=\"https:\/\/saude.pinlionweb.com\/saude07\/wp-content\/uploads\/sites\/8\/2021\/02\/beautiful-mother-and-baby-on-medical-examination-w-GQYH5K4.jpg\"><figure class=\"swiper-slide-inner\"><img class=\"swiper-slide-image\" src=\"https:\/\/saude.pinlionweb.com\/saude07\/wp-content\/uploads\/sites\/8\/2021\/02\/beautiful-mother-and-baby-on-medical-examination-w-GQYH5K4.jpg\" alt=\"beautiful-mother-and-baby-on-medical-examination-w-GQYH5K4.jpg\" \/><\/figure><\/a><\/div><div class=\"swiper-slide\"><a data-elementor-open-lightbox=\"yes\" data-elementor-lightbox-slideshow=\"75b3e9c4\" data-elementor-lightbox-title=\"doctors-working-at-hospital-S29NA53.jpg\" href=\"https:\/\/saude.pinlionweb.com\/saude07\/wp-content\/uploads\/sites\/8\/2021\/02\/doctors-working-at-hospital-S29NA53.jpg\"><figure class=\"swiper-slide-inner\"><img class=\"swiper-slide-image\" src=\"https:\/\/saude.pinlionweb.com\/saude07\/wp-content\/uploads\/sites\/8\/2021\/02\/doctors-working-at-hospital-S29NA53.jpg\" alt=\"doctors-working-at-hospital-S29NA53.jpg\" \/><\/figure><\/a><\/div><div class=\"swiper-slide\"><a data-elementor-open-lightbox=\"yes\" data-elementor-lightbox-slideshow=\"75b3e9c4\" data-elementor-lightbox-title=\"mother-with-child-at-hospital-URASS77.jpg\" href=\"https:\/\/saude.pinlionweb.com\/saude07\/wp-content\/uploads\/sites\/8\/2021\/02\/mother-with-child-at-hospital-URASS77.jpg\"><figure class=\"swiper-slide-inner\"><img class=\"swiper-slide-image\" src=\"https:\/\/saude.pinlionweb.com\/saude07\/wp-content\/uploads\/sites\/8\/2021\/02\/mother-with-child-at-hospital-URASS77.jpg\" alt=\"mother-with-child-at-hospital-URASS77.jpg\" \/><\/figure><\/a><\/div><div class=\"swiper-slide\"><a data-elementor-open-lightbox=\"yes\" data-elementor-lightbox-slideshow=\"75b3e9c4\" data-elementor-lightbox-title=\"young-female-doctor-looking-at-the-x-ray-picture-o-6MGQ3JL.jpg\" href=\"https:\/\/saude.pinlionweb.com\/saude07\/wp-content\/uploads\/sites\/8\/2021\/02\/young-female-doctor-looking-at-the-x-ray-picture-o-6MGQ3JL.jpg\"><figure class=\"swiper-slide-inner\"><img class=\"swiper-slide-image\" src=\"https:\/\/saude.pinlionweb.com\/saude07\/wp-content\/uploads\/sites\/8\/2021\/02\/young-female-doctor-looking-at-the-x-ray-picture-o-6MGQ3JL.jpg\" alt=\"young-female-doctor-looking-at-the-x-ray-picture-o-6MGQ3JL.jpg\" \/><\/figure><\/a><\/div><div class=\"swiper-slide\"><a data-elementor-open-lightbox=\"yes\" data-elementor-lightbox-slideshow=\"75b3e9c4\" data-elementor-lightbox-title=\"hospital-interior-with-operating-surgery-table-P7DLTV2.jpg\" href=\"https:\/\/saude.pinlionweb.com\/saude07\/wp-content\/uploads\/sites\/8\/2021\/02\/hospital-interior-with-operating-surgery-table-P7DLTV2.jpg\"><figure class=\"swiper-slide-inner\"><img class=\"swiper-slide-image\" src=\"https:\/\/saude.pinlionweb.com\/saude07\/wp-content\/uploads\/sites\/8\/2021\/02\/hospital-interior-with-operating-surgery-table-P7DLTV2.jpg\" alt=\"hospital-interior-with-operating-surgery-table-P7DLTV2.jpg\" \/><\/figure><\/a><\/div>\t\t\t<\/div>\n\t\t\t\t\t\t\t\t\t\t\t\t<div class=\"swiper-pagination\"><\/div>\n\t\t\t\t\t\t\t\t\t\t\t\t\t<div class=\"elementor-swiper-button elementor-swiper-button-prev\">\n\t\t\t\t\t\t<i class=\"eicon-chevron-left\" aria-hidden=\"true\"><\/i>\n\t\t\t\t\t\t<span class=\"elementor-screen-only\">Previous<\/span>\n\t\t\t\t\t<\/div>\n\t\t\t\t\t<div class=\"elementor-swiper-button elementor-swiper-button-next\">\n\t\t\t\t\t\t<i class=\"eicon-chevron-right\" aria-hidden=\"true\"><\/i>\n\t\t\t\t\t\t<span class=\"elementor-screen-only\">Next<\/span>\n\t\t\t\t\t<\/div>\n\t\t\t\t\t\t\t\t\t<\/div>\n\t\t\t\t<\/div>\n\t\t\t\t<\/div>\n\t\t\t\t\t\t<\/div>\n\t\t\t\t\t<\/div>\n\t\t<\/div>\n\t\t\t\t\t\t\t\t<\/div>\n\t\t\t\t\t<\/div>\n\t\t<\/section>\n\t\t\t\t<section class=\"elementor-section elementor-top-section elementor-element elementor-element-1a46fd7d elementor-section-boxed elementor-section-height-default elementor-section-height-default\" data-id=\"1a46fd7d\" data-element_type=\"section\">\n\t\t\t\t\t\t<div class=\"elementor-container elementor-column-gap-default\">\n\t\t\t\t\t\t\t<div class=\"elementor-row\">\n\t\t\t\t\t<div class=\"elementor-column elementor-col-100 elementor-top-column elementor-element elementor-element-32a43ebb\" data-id=\"32a43ebb\" data-element_type=\"column\">\n\t\t\t<div class=\"elementor-column-wrap elementor-element-populated\">\n\t\t\t\t\t\t\t<div class=\"elementor-widget-wrap\">\n\t\t\t\t\t\t<div class=\"elementor-element elementor-element-1f1404b2 elementor-widget elementor-widget-heading\" data-id=\"1f1404b2\" data-element_type=\"widget\" data-widget_type=\"heading.default\">\n\t\t\t\t<div class=\"elementor-widget-container\">\n\t\t\t<h6 class=\"elementor-heading-title elementor-size-default\">veja o que fazemos<\/h6>\t\t<\/div>\n\t\t\t\t<\/div>\n\t\t\t\t<div class=\"elementor-element elementor-element-8e3fcee elementor-widget elementor-widget-heading\" data-id=\"8e3fcee\" data-element_type=\"widget\" data-widget_type=\"heading.default\">\n\t\t\t\t<div class=\"elementor-widget-container\">\n\t\t\t<h3 class=\"elementor-heading-title elementor-size-default\">cuidados dent\u00e1rios<\/h3>\t\t<\/div>\n\t\t\t\t<\/div>\n\t\t\t\t<div class=\"elementor-element elementor-element-5b344dd7 elementor-widget elementor-widget-spacer\" data-id=\"5b344dd7\" data-element_type=\"widget\" data-widget_type=\"spacer.default\">\n\t\t\t\t<div class=\"elementor-widget-container\">\n\t\t\t\t\t<div class=\"elementor-spacer\">\n\t\t\t<div class=\"elementor-spacer-inner\"><\/div>\n\t\t<\/div>\n\t\t\t\t<\/div>\n\t\t\t\t<\/div>\n\t\t\t\t<div class=\"elementor-element elementor-element-1271237f gallery-spacing-custom elementor-widget elementor-widget-image-gallery\" data-id=\"1271237f\" data-element_type=\"widget\" data-widget_type=\"image-gallery.default\">\n\t\t\t\t<div class=\"elementor-widget-container\">\n\t\t\t\t\t<div class=\"elementor-image-gallery\">\n\t\t\t<div id='gallery-2' class='gallery galleryid-143 gallery-columns-2 gallery-size-full'><figure class='gallery-item'>\n\t\t\t<div class='gallery-icon landscape'>\n\t\t\t\t<a data-elementor-open-lightbox=\"yes\" data-elementor-lightbox-slideshow=\"1271237f\" data-elementor-lightbox-title=\"dental-inspection-P64TKQA.jpg\" href='https:\/\/saude.pinlionweb.com\/saude07\/wp-content\/uploads\/sites\/8\/2021\/02\/dental-inspection-P64TKQA.jpg'><img width=\"1024\" height=\"731\" src=\"https:\/\/saude.pinlionweb.com\/saude07\/wp-content\/uploads\/sites\/8\/2021\/02\/dental-inspection-P64TKQA.jpg\" class=\"attachment-full size-full\" alt=\"\" loading=\"lazy\" srcset=\"https:\/\/saude.pinlionweb.com\/saude07\/wp-content\/uploads\/sites\/8\/2021\/02\/dental-inspection-P64TKQA.jpg 1024w, https:\/\/saude.pinlionweb.com\/saude07\/wp-content\/uploads\/sites\/8\/2021\/02\/dental-inspection-P64TKQA-300x214.jpg 300w, https:\/\/saude.pinlionweb.com\/saude07\/wp-content\/uploads\/sites\/8\/2021\/02\/dental-inspection-P64TKQA-768x548.jpg 768w\" sizes=\"(max-width: 1024px) 100vw, 1024px\" \/><\/a>\n\t\t\t<\/div><\/figure><figure class='gallery-item'>\n\t\t\t<div class='gallery-icon landscape'>\n\t\t\t\t<a data-elementor-open-lightbox=\"yes\" data-elementor-lightbox-slideshow=\"1271237f\" data-elementor-lightbox-title=\"young-woman-getting-dental-treatment-dental-clinic-PXA9645.jpg\" href='https:\/\/saude.pinlionweb.com\/saude07\/wp-content\/uploads\/sites\/8\/2021\/02\/young-woman-getting-dental-treatment-dental-clinic-PXA9645.jpg'><img width=\"1024\" height=\"732\" src=\"https:\/\/saude.pinlionweb.com\/saude07\/wp-content\/uploads\/sites\/8\/2021\/02\/young-woman-getting-dental-treatment-dental-clinic-PXA9645.jpg\" class=\"attachment-full size-full\" alt=\"\" loading=\"lazy\" srcset=\"https:\/\/saude.pinlionweb.com\/saude07\/wp-content\/uploads\/sites\/8\/2021\/02\/young-woman-getting-dental-treatment-dental-clinic-PXA9645.jpg 1024w, https:\/\/saude.pinlionweb.com\/saude07\/wp-content\/uploads\/sites\/8\/2021\/02\/young-woman-getting-dental-treatment-dental-clinic-PXA9645-300x214.jpg 300w, https:\/\/saude.pinlionweb.com\/saude07\/wp-content\/uploads\/sites\/8\/2021\/02\/young-woman-getting-dental-treatment-dental-clinic-PXA9645-768x549.jpg 768w\" sizes=\"(max-width: 1024px) 100vw, 1024px\" \/><\/a>\n\t\t\t<\/div><\/figure>\n\t\t<\/div>\n\t\t<\/div>\n\t\t\t\t<\/div>\n\t\t\t\t<\/div>\n\t\t\t\t<div class=\"elementor-element elementor-element-77209f83 elementor-arrows-position-inside elementor-pagination-position-outside elementor-widget elementor-widget-image-carousel\" data-id=\"77209f83\" data-element_type=\"widget\" data-settings=\"{&quot;slides_to_show&quot;:&quot;3&quot;,&quot;slides_to_show_tablet&quot;:&quot;3&quot;,&quot;navigation&quot;:&quot;both&quot;,&quot;autoplay&quot;:&quot;yes&quot;,&quot;pause_on_hover&quot;:&quot;yes&quot;,&quot;pause_on_interaction&quot;:&quot;yes&quot;,&quot;autoplay_speed&quot;:5000,&quot;infinite&quot;:&quot;yes&quot;,&quot;speed&quot;:500,&quot;image_spacing_custom&quot;:{&quot;unit&quot;:&quot;px&quot;,&quot;size&quot;:20,&quot;sizes&quot;:[]}}\" data-widget_type=\"image-carousel.default\">\n\t\t\t\t<div class=\"elementor-widget-container\">\n\t\t\t\t\t<div class=\"elementor-image-carousel-wrapper swiper-container\" dir=\"ltr\">\n\t\t\t<div class=\"elementor-image-carousel swiper-wrapper\">\n\t\t\t\t\t\t\t\t<div class=\"swiper-slide\"><a data-elementor-open-lightbox=\"yes\" data-elementor-lightbox-slideshow=\"77209f83\" data-elementor-lightbox-title=\"dentist-showing-dental-mold-to-woman-A8FQ3NU.jpg\" href=\"https:\/\/saude.pinlionweb.com\/saude07\/wp-content\/uploads\/sites\/8\/2021\/02\/dentist-showing-dental-mold-to-woman-A8FQ3NU.jpg\"><figure class=\"swiper-slide-inner\"><img class=\"swiper-slide-image\" src=\"https:\/\/saude.pinlionweb.com\/saude07\/wp-content\/uploads\/sites\/8\/2021\/02\/dentist-showing-dental-mold-to-woman-A8FQ3NU.jpg\" alt=\"dentist-showing-dental-mold-to-woman-A8FQ3NU.jpg\" \/><\/figure><\/a><\/div><div class=\"swiper-slide\"><a data-elementor-open-lightbox=\"yes\" data-elementor-lightbox-slideshow=\"77209f83\" data-elementor-lightbox-title=\"dental-equipment-6GENXL9.jpg\" href=\"https:\/\/saude.pinlionweb.com\/saude07\/wp-content\/uploads\/sites\/8\/2021\/02\/dental-equipment-6GENXL9.jpg\"><figure class=\"swiper-slide-inner\"><img class=\"swiper-slide-image\" src=\"https:\/\/saude.pinlionweb.com\/saude07\/wp-content\/uploads\/sites\/8\/2021\/02\/dental-equipment-6GENXL9.jpg\" alt=\"dental-equipment-6GENXL9.jpg\" \/><\/figure><\/a><\/div><div class=\"swiper-slide\"><a data-elementor-open-lightbox=\"yes\" data-elementor-lightbox-slideshow=\"77209f83\" data-elementor-lightbox-title=\"dental-check-up-8FD3JA9.jpg\" href=\"https:\/\/saude.pinlionweb.com\/saude07\/wp-content\/uploads\/sites\/8\/2021\/02\/dental-check-up-8FD3JA9.jpg\"><figure class=\"swiper-slide-inner\"><img class=\"swiper-slide-image\" src=\"https:\/\/saude.pinlionweb.com\/saude07\/wp-content\/uploads\/sites\/8\/2021\/02\/dental-check-up-8FD3JA9.jpg\" alt=\"dental-check-up-8FD3JA9.jpg\" \/><\/figure><\/a><\/div><div class=\"swiper-slide\"><a data-elementor-open-lightbox=\"yes\" data-elementor-lightbox-slideshow=\"77209f83\" data-elementor-lightbox-title=\"hand-of-dentist-in-glove-holds-dental-drill-machin-9HQ3U8X.jpg\" href=\"https:\/\/saude.pinlionweb.com\/saude07\/wp-content\/uploads\/sites\/8\/2021\/02\/hand-of-dentist-in-glove-holds-dental-drill-machin-9HQ3U8X.jpg\"><figure class=\"swiper-slide-inner\"><img class=\"swiper-slide-image\" src=\"https:\/\/saude.pinlionweb.com\/saude07\/wp-content\/uploads\/sites\/8\/2021\/02\/hand-of-dentist-in-glove-holds-dental-drill-machin-9HQ3U8X.jpg\" alt=\"hand-of-dentist-in-glove-holds-dental-drill-machin-9HQ3U8X.jpg\" \/><\/figure><\/a><\/div><div class=\"swiper-slide\"><a data-elementor-open-lightbox=\"yes\" data-elementor-lightbox-slideshow=\"77209f83\" data-elementor-lightbox-title=\"dental-care-PLX3F78.jpg\" href=\"https:\/\/saude.pinlionweb.com\/saude07\/wp-content\/uploads\/sites\/8\/2021\/02\/dental-care-PLX3F78.jpg\"><figure class=\"swiper-slide-inner\"><img class=\"swiper-slide-image\" src=\"https:\/\/saude.pinlionweb.com\/saude07\/wp-content\/uploads\/sites\/8\/2021\/02\/dental-care-PLX3F78.jpg\" alt=\"dental-care-PLX3F78.jpg\" \/><\/figure><\/a><\/div>\t\t\t<\/div>\n\t\t\t\t\t\t\t\t\t\t\t\t<div class=\"swiper-pagination\"><\/div>\n\t\t\t\t\t\t\t\t\t\t\t\t\t<div class=\"elementor-swiper-button elementor-swiper-button-prev\">\n\t\t\t\t\t\t<i class=\"eicon-chevron-left\" aria-hidden=\"true\"><\/i>\n\t\t\t\t\t\t<span class=\"elementor-screen-only\">Previous<\/span>\n\t\t\t\t\t<\/div>\n\t\t\t\t\t<div class=\"elementor-swiper-button elementor-swiper-button-next\">\n\t\t\t\t\t\t<i class=\"eicon-chevron-right\" aria-hidden=\"true\"><\/i>\n\t\t\t\t\t\t<span class=\"elementor-screen-only\">Next<\/span>\n\t\t\t\t\t<\/div>\n\t\t\t\t\t\t\t\t\t<\/div>\n\t\t\t\t<\/div>\n\t\t\t\t<\/div>\n\t\t\t\t\t\t<\/div>\n\t\t\t\t\t<\/div>\n\t\t<\/div>\n\t\t\t\t\t\t\t\t<\/div>\n\t\t\t\t\t<\/div>\n\t\t<\/section>\n\t\t\t\t<section class=\"elementor-section elementor-top-section elementor-element elementor-element-1bc86a75 elementor-section-boxed elementor-section-height-default elementor-section-height-default\" data-id=\"1bc86a75\" data-element_type=\"section\" data-settings=\"{&quot;background_background&quot;:&quot;classic&quot;}\">\n\t\t\t\t\t\t\t<div class=\"elementor-background-overlay\"><\/div>\n\t\t\t\t\t\t\t<div class=\"elementor-container elementor-column-gap-no\">\n\t\t\t\t\t\t\t<div class=\"elementor-row\">\n\t\t\t\t\t<div class=\"elementor-column elementor-col-100 elementor-top-column elementor-element elementor-element-1d324ace\" data-id=\"1d324ace\" data-element_type=\"column\" data-settings=\"{&quot;background_background&quot;:&quot;classic&quot;}\">\n\t\t\t<div class=\"elementor-column-wrap elementor-element-populated\">\n\t\t\t\t\t\t\t<div class=\"elementor-widget-wrap\">\n\t\t\t\t\t\t<div class=\"elementor-element elementor-element-626590ea elementor-widget elementor-widget-heading\" data-id=\"626590ea\" data-element_type=\"widget\" data-widget_type=\"heading.default\">\n\t\t\t\t<div class=\"elementor-widget-container\">\n\t\t\t<h6 class=\"elementor-heading-title elementor-size-default\">Conhe\u00e7a a nossa equipa m\u00e9dica<\/h6>\t\t<\/div>\n\t\t\t\t<\/div>\n\t\t\t\t<div class=\"elementor-element elementor-element-4486b48b elementor-widget elementor-widget-heading\" data-id=\"4486b48b\" data-element_type=\"widget\" data-widget_type=\"heading.default\">\n\t\t\t\t<div class=\"elementor-widget-container\">\n\t\t\t<h3 class=\"elementor-heading-title elementor-size-default\">marque hoje mesmo uma consulta<\/h3>\t\t<\/div>\n\t\t\t\t<\/div>\n\t\t\t\t<div class=\"elementor-element elementor-element-7ba6af81 elementor-align-center elementor-mobile-align-justify elementor-widget elementor-widget-button\" data-id=\"7ba6af81\" data-element_type=\"widget\" data-widget_type=\"button.default\">\n\t\t\t\t<div class=\"elementor-widget-container\">\n\t\t\t\t\t<div class=\"elementor-button-wrapper\">\n\t\t\t<a href=\"#\" class=\"elementor-button-link elementor-button elementor-size-sm\" role=\"button\">\n\t\t\t\t\t\t<span class=\"elementor-button-content-wrapper\">\n\t\t\t\t\t\t<span class=\"elementor-button-text\">marcar consulta<\/span>\n\t\t<\/span>\n\t\t\t\t\t<\/a>\n\t\t<\/div>\n\t\t\t\t<\/div>\n\t\t\t\t<\/div>\n\t\t\t\t\t\t<\/div>\n\t\t\t\t\t<\/div>\n\t\t<\/div>\n\t\t\t\t\t\t\t\t<\/div>\n\t\t\t\t\t<\/div>\n\t\t<\/section>\n\t\t\t\t\t\t<\/div>\n\t\t\t\t\t\t<\/div>\n\t\t\t\t\t<\/div>\n\t\t","protected":false},"excerpt":{"rendered":"<p>galeria de imagens centro m\u00e9dico veja o que fazemos centro m\u00e9dico Previous Next veja o que fazemos cuidados dent\u00e1rios Previous Next Conhe\u00e7a a nossa equipa m\u00e9dica marque hoje mesmo uma consulta marcar consulta<\/p>\n","protected":false},"author":1,"featured_media":0,"parent":0,"menu_order":0,"comment_status":"closed","ping_status":"closed","template":"","meta":[],"_links":{"self":[{"href":"https:\/\/saude.pinlionweb.com\/saude07\/wp-json\/wp\/v2\/pages\/143"}],"collection":[{"href":"https:\/\/saude.pinlionweb.com\/saude07\/wp-json\/wp\/v2\/pages"}],"about":[{"href":"https:\/\/saude.pinlionweb.com\/saude07\/wp-json\/wp\/v2\/types\/page"}],"author":[{"embeddable":true,"href":"https:\/\/saude.pinlionweb.com\/saude07\/wp-json\/wp\/v2\/users\/1"}],"replies":[{"embeddable":true,"href":"https:\/\/saude.pinlionweb.com\/saude07\/wp-json\/wp\/v2\/comments?post=143"}],"version-history":[{"count":4,"href":"https:\/\/saude.pinlionweb.com\/saude07\/wp-json\/wp\/v2\/pages\/143\/revisions"}],"predecessor-version":[{"id":165,"href":"https:\/\/saude.pinlionweb.com\/saude07\/wp-json\/wp\/v2\/pages\/143\/revisions\/165"}],"wp:attachment":[{"href":"https:\/\/saude.pinlionweb.com\/saude07\/wp-json\/wp\/v2\/media?parent=143"}],"curies":[{"name":"wp","href":"https:\/\/api.w.org\/{rel}","templated":true}]}}