{"id":130,"date":"2021-02-10T16:52:10","date_gmt":"2021-02-10T16:52:10","guid":{"rendered":"https:\/\/saude.pinlionweb.com\/saude04\/?page_id=130"},"modified":"2021-02-10T16:53:26","modified_gmt":"2021-02-10T16:53:26","slug":"blog","status":"publish","type":"page","link":"https:\/\/saude.pinlionweb.com\/saude04\/blog\/","title":{"rendered":"Blog"},"content":{"rendered":"\t\t<div data-elementor-type=\"wp-page\" data-elementor-id=\"130\" class=\"elementor elementor-130\" data-elementor-settings=\"[]\">\n\t\t\t\t\t\t<div class=\"elementor-inner\">\n\t\t\t\t\t\t\t<div class=\"elementor-section-wrap\">\n\t\t\t\t\t\t\t<section class=\"elementor-section elementor-top-section elementor-element elementor-element-4ab0fe9d elementor-section-full_width elementor-section-height-default elementor-section-height-default\" data-id=\"4ab0fe9d\" data-element_type=\"section\" data-settings=\"{&quot;background_background&quot;:&quot;gradient&quot;}\">\n\t\t\t\t\t\t<div class=\"elementor-container elementor-column-gap-default\">\n\t\t\t\t\t\t\t<div class=\"elementor-row\">\n\t\t\t\t\t<div class=\"elementor-column elementor-col-100 elementor-top-column elementor-element elementor-element-5e5b2a86 elementor-invisible\" data-id=\"5e5b2a86\" data-element_type=\"column\" data-settings=\"{&quot;background_background&quot;:&quot;classic&quot;,&quot;animation&quot;:&quot;fadeInUp&quot;}\">\n\t\t\t<div class=\"elementor-column-wrap elementor-element-populated\">\n\t\t\t\t\t\t\t<div class=\"elementor-widget-wrap\">\n\t\t\t\t\t\t<div class=\"elementor-element elementor-element-d7b988a elementor-widget elementor-widget-heading\" data-id=\"d7b988a\" data-element_type=\"widget\" data-widget_type=\"heading.default\">\n\t\t\t\t<div class=\"elementor-widget-container\">\n\t\t\t<h2 class=\"elementor-heading-title elementor-size-default\">Blog<\/h2>\t\t<\/div>\n\t\t\t\t<\/div>\n\t\t\t\t<div class=\"elementor-element elementor-element-4cb105ab elementor-widget elementor-widget-text-editor\" data-id=\"4cb105ab\" data-element_type=\"widget\" data-widget_type=\"text-editor.default\">\n\t\t\t\t<div class=\"elementor-widget-container\">\n\t\t\t\t\t\t\t\t<div class=\"elementor-text-editor elementor-clearfix\">\n\t\t\t\t<p>Mauris non tempor quam, et lacinia sapien. Mauris accumsan eros eget libero posuere vulputate.<\/p>\t\t\t\t\t<\/div>\n\t\t\t\t\t\t<\/div>\n\t\t\t\t<\/div>\n\t\t\t\t\t\t<\/div>\n\t\t\t\t\t<\/div>\n\t\t<\/div>\n\t\t\t\t\t\t\t\t<\/div>\n\t\t\t\t\t<\/div>\n\t\t<\/section>\n\t\t\t\t<section class=\"elementor-section elementor-top-section elementor-element elementor-element-14355646 elementor-section-boxed elementor-section-height-default elementor-section-height-default\" data-id=\"14355646\" data-element_type=\"section\">\n\t\t\t\t\t\t<div class=\"elementor-container elementor-column-gap-default\">\n\t\t\t\t\t\t\t<div class=\"elementor-row\">\n\t\t\t\t\t<div class=\"elementor-column elementor-col-100 elementor-top-column elementor-element elementor-element-5965002e\" data-id=\"5965002e\" data-element_type=\"column\">\n\t\t\t<div class=\"elementor-column-wrap elementor-element-populated\">\n\t\t\t\t\t\t\t<div class=\"elementor-widget-wrap\">\n\t\t\t\t\t\t<section class=\"elementor-section elementor-inner-section elementor-element elementor-element-681ed546 elementor-section-boxed elementor-section-height-default elementor-section-height-default\" data-id=\"681ed546\" data-element_type=\"section\">\n\t\t\t\t\t\t<div class=\"elementor-container elementor-column-gap-default\">\n\t\t\t\t\t\t\t<div class=\"elementor-row\">\n\t\t\t\t\t<div class=\"elementor-column elementor-col-100 elementor-inner-column elementor-element elementor-element-fc07722\" data-id=\"fc07722\" data-element_type=\"column\">\n\t\t\t<div class=\"elementor-column-wrap elementor-element-populated\">\n\t\t\t\t\t\t\t<div class=\"elementor-widget-wrap\">\n\t\t\t\t\t\t<div class=\"elementor-element elementor-element-4908765d elementor-grid-3 elementor-grid-tablet-2 elementor-grid-mobile-1 elementor-posts--thumbnail-top elementor-card-shadow-yes elementor-posts__hover-gradient elementor-widget elementor-widget-posts\" data-id=\"4908765d\" data-element_type=\"widget\" data-settings=\"{&quot;cards_columns&quot;:&quot;3&quot;,&quot;cards_columns_tablet&quot;:&quot;2&quot;,&quot;cards_columns_mobile&quot;:&quot;1&quot;,&quot;cards_row_gap&quot;:{&quot;unit&quot;:&quot;px&quot;,&quot;size&quot;:35,&quot;sizes&quot;:[]}}\" data-widget_type=\"posts.cards\">\n\t\t\t\t<div class=\"elementor-widget-container\">\n\t\t\t\t\t<div class=\"elementor-posts-container elementor-posts elementor-posts--skin-cards elementor-grid\">\n\t\t\t\t<article class=\"elementor-post elementor-grid-item post-158 post type-post status-publish format-standard has-post-thumbnail hentry category-uncategorized\">\n\t\t\t<div class=\"elementor-post__card\">\n\t\t\t\t<a class=\"elementor-post__thumbnail__link\" href=\"https:\/\/saude.pinlionweb.com\/saude04\/estudo-identifica-cinco-marcadores-de-resposta-imunologica-que-podem-prever-resultados-de-pacientes\/\" >\n\t\t\t<div class=\"elementor-post__thumbnail\"><img width=\"300\" height=\"200\" src=\"https:\/\/saude.pinlionweb.com\/saude04\/wp-content\/uploads\/sites\/5\/2021\/02\/doctor-checking-glandes-of-patient-1024x682-1-300x200.jpg\" class=\"attachment-medium size-medium\" alt=\"\" loading=\"lazy\" srcset=\"https:\/\/saude.pinlionweb.com\/saude04\/wp-content\/uploads\/sites\/5\/2021\/02\/doctor-checking-glandes-of-patient-1024x682-1-300x200.jpg 300w, https:\/\/saude.pinlionweb.com\/saude04\/wp-content\/uploads\/sites\/5\/2021\/02\/doctor-checking-glandes-of-patient-1024x682-1-768x512.jpg 768w, https:\/\/saude.pinlionweb.com\/saude04\/wp-content\/uploads\/sites\/5\/2021\/02\/doctor-checking-glandes-of-patient-1024x682-1.jpg 1024w\" sizes=\"(max-width: 300px) 100vw, 300px\" \/><\/div>\n\t\t<\/a>\n\t\t\t\t<div class=\"elementor-post__text\">\n\t\t\t\t<h3 class=\"elementor-post__title\">\n\t\t\t<a href=\"https:\/\/saude.pinlionweb.com\/saude04\/estudo-identifica-cinco-marcadores-de-resposta-imunologica-que-podem-prever-resultados-de-pacientes\/\" >\n\t\t\t\tEstudo identifica cinco marcadores de resposta imunol\u00f3gica\t\t\t<\/a>\n\t\t<\/h3>\n\t\t\t\t<div class=\"elementor-post__excerpt\">\n\t\t\t<p>Lorem ipsum dolor sit amet, consectetur adipiscing elit, sed do eiusmod tempor incididunt ut labore et dolore magna aliqua. Gravida<\/p>\n\t\t<\/div>\n\t\t\t\t<\/div>\n\t\t\t\t\t<\/div>\n\t\t<\/article>\n\t\t\t\t<article class=\"elementor-post elementor-grid-item post-156 post type-post status-publish format-standard has-post-thumbnail hentry category-uncategorized\">\n\t\t\t<div class=\"elementor-post__card\">\n\t\t\t\t<a class=\"elementor-post__thumbnail__link\" href=\"https:\/\/saude.pinlionweb.com\/saude04\/cuidados-de-saude-primarios-em-pediatria-melhoraram-substancialmente\/\" >\n\t\t\t<div class=\"elementor-post__thumbnail\"><img width=\"300\" height=\"200\" src=\"https:\/\/saude.pinlionweb.com\/saude04\/wp-content\/uploads\/sites\/5\/2021\/02\/caring-doctor-talking-to-child-1024x682-1-300x200.jpg\" class=\"attachment-medium size-medium\" alt=\"\" loading=\"lazy\" srcset=\"https:\/\/saude.pinlionweb.com\/saude04\/wp-content\/uploads\/sites\/5\/2021\/02\/caring-doctor-talking-to-child-1024x682-1-300x200.jpg 300w, https:\/\/saude.pinlionweb.com\/saude04\/wp-content\/uploads\/sites\/5\/2021\/02\/caring-doctor-talking-to-child-1024x682-1-768x512.jpg 768w, https:\/\/saude.pinlionweb.com\/saude04\/wp-content\/uploads\/sites\/5\/2021\/02\/caring-doctor-talking-to-child-1024x682-1.jpg 1024w\" sizes=\"(max-width: 300px) 100vw, 300px\" \/><\/div>\n\t\t<\/a>\n\t\t\t\t<div class=\"elementor-post__text\">\n\t\t\t\t<h3 class=\"elementor-post__title\">\n\t\t\t<a href=\"https:\/\/saude.pinlionweb.com\/saude04\/cuidados-de-saude-primarios-em-pediatria-melhoraram-substancialmente\/\" >\n\t\t\t\tCuidados de Sa\u00fade Prim\u00e1rios em Pediatria Melhoraram Substancialmente\t\t\t<\/a>\n\t\t<\/h3>\n\t\t\t\t<div class=\"elementor-post__excerpt\">\n\t\t\t<p>Lorem ipsum dolor sit amet, consectetur adipiscing elit, sed do eiusmod tempor incididunt ut labore et dolore magna aliqua. Gravida<\/p>\n\t\t<\/div>\n\t\t\t\t<\/div>\n\t\t\t\t\t<\/div>\n\t\t<\/article>\n\t\t\t\t<article class=\"elementor-post elementor-grid-item post-137 post type-post status-publish format-standard has-post-thumbnail hentry category-uncategorized\">\n\t\t\t<div class=\"elementor-post__card\">\n\t\t\t\t<a class=\"elementor-post__thumbnail__link\" href=\"https:\/\/saude.pinlionweb.com\/saude04\/premio-de-medico-do-ano-atribuido-a-dr-a-ana-maria-jin\/\" >\n\t\t\t<div class=\"elementor-post__thumbnail\"><img width=\"300\" height=\"197\" src=\"https:\/\/saude.pinlionweb.com\/saude04\/wp-content\/uploads\/sites\/5\/2021\/02\/asian-medical-doctor-woman-1024x672-1-300x197.jpg\" class=\"attachment-medium size-medium\" alt=\"\" loading=\"lazy\" srcset=\"https:\/\/saude.pinlionweb.com\/saude04\/wp-content\/uploads\/sites\/5\/2021\/02\/asian-medical-doctor-woman-1024x672-1-300x197.jpg 300w, https:\/\/saude.pinlionweb.com\/saude04\/wp-content\/uploads\/sites\/5\/2021\/02\/asian-medical-doctor-woman-1024x672-1-768x504.jpg 768w, https:\/\/saude.pinlionweb.com\/saude04\/wp-content\/uploads\/sites\/5\/2021\/02\/asian-medical-doctor-woman-1024x672-1.jpg 1024w\" sizes=\"(max-width: 300px) 100vw, 300px\" \/><\/div>\n\t\t<\/a>\n\t\t\t\t<div class=\"elementor-post__text\">\n\t\t\t\t<h3 class=\"elementor-post__title\">\n\t\t\t<a href=\"https:\/\/saude.pinlionweb.com\/saude04\/premio-de-medico-do-ano-atribuido-a-dr-a-ana-maria-jin\/\" >\n\t\t\t\tPr\u00e9mio de M\u00e9dico do Ano atribu\u00eddo \u00e0 Dr.\u00aa Ana Maria Jin\t\t\t<\/a>\n\t\t<\/h3>\n\t\t\t\t<div class=\"elementor-post__excerpt\">\n\t\t\t<p>Lorem ipsum dolor sit amet, consectetur adipiscing elit, sed do eiusmod tempor incididunt ut labore et dolore magna aliqua. Gravida<\/p>\n\t\t<\/div>\n\t\t\t\t<\/div>\n\t\t\t\t\t<\/div>\n\t\t<\/article>\n\t\t\t\t<\/div>\n\n\n\t\t\n\t\t\t\t<\/div>\n\t\t\t\t<\/div>\n\t\t\t\t\t\t<\/div>\n\t\t\t\t\t<\/div>\n\t\t<\/div>\n\t\t\t\t\t\t\t\t<\/div>\n\t\t\t\t\t<\/div>\n\t\t<\/section>\n\t\t\t\t\t\t<\/div>\n\t\t\t\t\t<\/div>\n\t\t<\/div>\n\t\t\t\t\t\t\t\t<\/div>\n\t\t\t\t\t<\/div>\n\t\t<\/section>\n\t\t\t\t\t\t<\/div>\n\t\t\t\t\t\t<\/div>\n\t\t\t\t\t<\/div>\n\t\t","protected":false},"excerpt":{"rendered":"<p>Blog Mauris non tempor quam, et lacinia sapien. Mauris accumsan eros eget libero posuere vulputate.<\/p>\n","protected":false},"author":1,"featured_media":0,"parent":0,"menu_order":0,"comment_status":"closed","ping_status":"closed","template":"","meta":[],"_links":{"self":[{"href":"https:\/\/saude.pinlionweb.com\/saude04\/wp-json\/wp\/v2\/pages\/130"}],"collection":[{"href":"https:\/\/saude.pinlionweb.com\/saude04\/wp-json\/wp\/v2\/pages"}],"about":[{"href":"https:\/\/saude.pinlionweb.com\/saude04\/wp-json\/wp\/v2\/types\/page"}],"author":[{"embeddable":true,"href":"https:\/\/saude.pinlionweb.com\/saude04\/wp-json\/wp\/v2\/users\/1"}],"replies":[{"embeddable":true,"href":"https:\/\/saude.pinlionweb.com\/saude04\/wp-json\/wp\/v2\/comments?post=130"}],"version-history":[{"count":4,"href":"https:\/\/saude.pinlionweb.com\/saude04\/wp-json\/wp\/v2\/pages\/130\/revisions"}],"predecessor-version":[{"id":136,"href":"https:\/\/saude.pinlionweb.com\/saude04\/wp-json\/wp\/v2\/pages\/130\/revisions\/136"}],"wp:attachment":[{"href":"https:\/\/saude.pinlionweb.com\/saude04\/wp-json\/wp\/v2\/media?parent=130"}],"curies":[{"name":"wp","href":"https:\/\/api.w.org\/{rel}","templated":true}]}}